{"id":11,"date":"2021-01-21T18:11:19","date_gmt":"2021-01-21T17:11:19","guid":{"rendered":"https:\/\/www.depanneo.com\/guide\/?page_id=11"},"modified":"2024-09-02T16:21:29","modified_gmt":"2024-09-02T14:21:29","slug":"11-2","status":"publish","type":"page","link":"https:\/\/www.depanneo.com\/guide\/","title":{"rendered":"Home"},"content":{"rendered":"<h1>Vos conseils pour un d\u00e9pannage r\u00e9ussi<\/h1>\n<h2>Des solutions pratiques pour tous vos d\u00e9pannages &amp; petits travaux<\/h2>\n<p>Bienvenue sur le blog Depanneo, votre guide complet pour vous aider \u00e0 r\u00e9soudre vous-m\u00eame vos petits soucis du quotidien. Que ce soit pour un d\u00e9pannage rapide ou des astuces pour des travaux plus cons\u00e9quents, nous vous proposons des conseils pratiques et des m\u00e9thodes simples \u00e0 suivre. Apprenez \u00e0 diagnostiquer vos probl\u00e8mes, choisissez les bons outils et r\u00e9alisez vos r\u00e9parations en toute s\u00e9curit\u00e9 gr\u00e2ce \u00e0 nos articles r\u00e9dig\u00e9s par des experts<\/p>\n","protected":false},"excerpt":{"rendered":"<p>Vos conseils pour un d\u00e9pannage r\u00e9ussi Des solutions pratiques pour tous vos d\u00e9pannages &amp; petits travaux Bienvenue sur le blog Depanneo, votre guide complet pour vous aider [&hellip;]<\/p>\n","protected":false},"author":1,"featured_media":202,"parent":0,"menu_order":0,"comment_status":"closed","ping_status":"closed","template":"page-templates\/front-page.php","meta":{"footnotes":""},"class_list":["post-11","page","type-page","status-publish","has-post-thumbnail","hentry"],"yoast_head":"<!-- This site is optimized with the Yoast SEO plugin v27.5 - https:\/\/yoast.com\/product\/yoast-seo-wordpress\/ -->\n<title>Depanneo Guide : Blog D\u00e9pannage &amp; Travaux<\/title>\n<meta name=\"description\" content=\"D\u00e9couvrez de nombreux articles sur les sujets de d\u00e9pannage, de travaux et de r\u00e9paration de votre habitations.\" \/>\n<meta name=\"robots\" content=\"index, follow, max-snippet:-1, max-image-preview:large, max-video-preview:-1\" \/>\n<link rel=\"canonical\" href=\"https:\/\/www.depanneo.com\/guide\/\" \/>\n<meta property=\"og:locale\" content=\"fr_FR\" \/>\n<meta property=\"og:type\" content=\"article\" \/>\n<meta property=\"og:title\" content=\"Depanneo Guide : Blog D\u00e9pannage &amp; Travaux\" \/>\n<meta property=\"og:description\" content=\"D\u00e9couvrez de nombreux articles sur les sujets de d\u00e9pannage, de travaux et de r\u00e9paration de votre habitations.\" \/>\n<meta property=\"og:url\" content=\"https:\/\/www.depanneo.com\/guide\/\" \/>\n<meta property=\"og:site_name\" content=\"Guide Depanneo\" \/>\n<meta property=\"article:modified_time\" content=\"2024-09-02T14:21:29+00:00\" \/>\n<meta property=\"og:image\" content=\"https:\/\/www.depanneo.com\/guide\/wp-content\/uploads\/2021\/10\/home_11.jpg\" \/>\n\t<meta property=\"og:image:width\" content=\"800\" \/>\n\t<meta property=\"og:image:height\" content=\"600\" \/>\n\t<meta property=\"og:image:type\" content=\"image\/jpeg\" \/>\n<meta name=\"twitter:card\" content=\"summary_large_image\" \/>\n<meta name=\"twitter:label1\" content=\"Dur\u00e9e de lecture estim\u00e9e\" \/>\n\t<meta name=\"twitter:data1\" content=\"1 minute\" \/>\n<script type=\"application\/ld+json\" class=\"yoast-schema-graph\">{\"@context\":\"https:\\\/\\\/schema.org\",\"@graph\":[{\"@type\":\"WebPage\",\"@id\":\"https:\\\/\\\/www.depanneo.com\\\/guide\\\/\",\"url\":\"https:\\\/\\\/www.depanneo.com\\\/guide\\\/\",\"name\":\"Depanneo Guide : Blog D\u00e9pannage & Travaux\",\"isPartOf\":{\"@id\":\"https:\\\/\\\/www.depanneo.com\\\/guide\\\/#website\"},\"primaryImageOfPage\":{\"@id\":\"https:\\\/\\\/www.depanneo.com\\\/guide\\\/#primaryimage\"},\"image\":{\"@id\":\"https:\\\/\\\/www.depanneo.com\\\/guide\\\/#primaryimage\"},\"thumbnailUrl\":\"https:\\\/\\\/www.depanneo.com\\\/guide\\\/wp-content\\\/uploads\\\/2021\\\/10\\\/home_11.jpg\",\"datePublished\":\"2021-01-21T17:11:19+00:00\",\"dateModified\":\"2024-09-02T14:21:29+00:00\",\"description\":\"D\u00e9couvrez de nombreux articles sur les sujets de d\u00e9pannage, de travaux et de r\u00e9paration de votre habitations.\",\"breadcrumb\":{\"@id\":\"https:\\\/\\\/www.depanneo.com\\\/guide\\\/#breadcrumb\"},\"inLanguage\":\"fr-FR\",\"potentialAction\":[{\"@type\":\"ReadAction\",\"target\":[\"https:\\\/\\\/www.depanneo.com\\\/guide\\\/\"]}]},{\"@type\":\"ImageObject\",\"inLanguage\":\"fr-FR\",\"@id\":\"https:\\\/\\\/www.depanneo.com\\\/guide\\\/#primaryimage\",\"url\":\"https:\\\/\\\/www.depanneo.com\\\/guide\\\/wp-content\\\/uploads\\\/2021\\\/10\\\/home_11.jpg\",\"contentUrl\":\"https:\\\/\\\/www.depanneo.com\\\/guide\\\/wp-content\\\/uploads\\\/2021\\\/10\\\/home_11.jpg\",\"width\":800,\"height\":600},{\"@type\":\"BreadcrumbList\",\"@id\":\"https:\\\/\\\/www.depanneo.com\\\/guide\\\/#breadcrumb\",\"itemListElement\":[{\"@type\":\"ListItem\",\"position\":1,\"name\":\"Depanneo\",\"item\":\"https:\\\/\\\/www.depanneo.com\\\/guide\\\/\"},{\"@type\":\"ListItem\",\"position\":2,\"name\":\"Home\"}]},{\"@type\":\"WebSite\",\"@id\":\"https:\\\/\\\/www.depanneo.com\\\/guide\\\/#website\",\"url\":\"https:\\\/\\\/www.depanneo.com\\\/guide\\\/\",\"name\":\"Guide Depanneo\",\"description\":\"Conseils D\u00e9pannage &amp; Astuces Travaux\",\"publisher\":{\"@id\":\"https:\\\/\\\/www.depanneo.com\\\/guide\\\/#organization\"},\"potentialAction\":[{\"@type\":\"SearchAction\",\"target\":{\"@type\":\"EntryPoint\",\"urlTemplate\":\"https:\\\/\\\/www.depanneo.com\\\/guide\\\/?s={search_term_string}\"},\"query-input\":{\"@type\":\"PropertyValueSpecification\",\"valueRequired\":true,\"valueName\":\"search_term_string\"}}],\"inLanguage\":\"fr-FR\"},{\"@type\":\"Organization\",\"@id\":\"https:\\\/\\\/www.depanneo.com\\\/guide\\\/#organization\",\"name\":\"Depanneo\",\"url\":\"https:\\\/\\\/www.depanneo.com\\\/guide\\\/\",\"logo\":{\"@type\":\"ImageObject\",\"inLanguage\":\"fr-FR\",\"@id\":\"https:\\\/\\\/www.depanneo.com\\\/guide\\\/#\\\/schema\\\/logo\\\/image\\\/\",\"url\":\"https:\\\/\\\/www.depanneo.com\\\/guide\\\/wp-content\\\/uploads\\\/2021\\\/01\\\/logo-large-blue.png\",\"contentUrl\":\"https:\\\/\\\/www.depanneo.com\\\/guide\\\/wp-content\\\/uploads\\\/2021\\\/01\\\/logo-large-blue.png\",\"width\":4696,\"height\":1910,\"caption\":\"Depanneo\"},\"image\":{\"@id\":\"https:\\\/\\\/www.depanneo.com\\\/guide\\\/#\\\/schema\\\/logo\\\/image\\\/\"}}]}<\/script>\n<!-- \/ Yoast SEO plugin. -->","yoast_head_json":{"title":"Depanneo Guide : Blog D\u00e9pannage & Travaux","description":"D\u00e9couvrez de nombreux articles sur les sujets de d\u00e9pannage, de travaux et de r\u00e9paration de votre habitations.","robots":{"index":"index","follow":"follow","max-snippet":"max-snippet:-1","max-image-preview":"max-image-preview:large","max-video-preview":"max-video-preview:-1"},"canonical":"https:\/\/www.depanneo.com\/guide\/","og_locale":"fr_FR","og_type":"article","og_title":"Depanneo Guide : Blog D\u00e9pannage & Travaux","og_description":"D\u00e9couvrez de nombreux articles sur les sujets de d\u00e9pannage, de travaux et de r\u00e9paration de votre habitations.","og_url":"https:\/\/www.depanneo.com\/guide\/","og_site_name":"Guide Depanneo","article_modified_time":"2024-09-02T14:21:29+00:00","og_image":[{"width":800,"height":600,"url":"https:\/\/www.depanneo.com\/guide\/wp-content\/uploads\/2021\/10\/home_11.jpg","type":"image\/jpeg"}],"twitter_card":"summary_large_image","twitter_misc":{"Dur\u00e9e de lecture estim\u00e9e":"1 minute"},"schema":{"@context":"https:\/\/schema.org","@graph":[{"@type":"WebPage","@id":"https:\/\/www.depanneo.com\/guide\/","url":"https:\/\/www.depanneo.com\/guide\/","name":"Depanneo Guide : Blog D\u00e9pannage & Travaux","isPartOf":{"@id":"https:\/\/www.depanneo.com\/guide\/#website"},"primaryImageOfPage":{"@id":"https:\/\/www.depanneo.com\/guide\/#primaryimage"},"image":{"@id":"https:\/\/www.depanneo.com\/guide\/#primaryimage"},"thumbnailUrl":"https:\/\/www.depanneo.com\/guide\/wp-content\/uploads\/2021\/10\/home_11.jpg","datePublished":"2021-01-21T17:11:19+00:00","dateModified":"2024-09-02T14:21:29+00:00","description":"D\u00e9couvrez de nombreux articles sur les sujets de d\u00e9pannage, de travaux et de r\u00e9paration de votre habitations.","breadcrumb":{"@id":"https:\/\/www.depanneo.com\/guide\/#breadcrumb"},"inLanguage":"fr-FR","potentialAction":[{"@type":"ReadAction","target":["https:\/\/www.depanneo.com\/guide\/"]}]},{"@type":"ImageObject","inLanguage":"fr-FR","@id":"https:\/\/www.depanneo.com\/guide\/#primaryimage","url":"https:\/\/www.depanneo.com\/guide\/wp-content\/uploads\/2021\/10\/home_11.jpg","contentUrl":"https:\/\/www.depanneo.com\/guide\/wp-content\/uploads\/2021\/10\/home_11.jpg","width":800,"height":600},{"@type":"BreadcrumbList","@id":"https:\/\/www.depanneo.com\/guide\/#breadcrumb","itemListElement":[{"@type":"ListItem","position":1,"name":"Depanneo","item":"https:\/\/www.depanneo.com\/guide\/"},{"@type":"ListItem","position":2,"name":"Home"}]},{"@type":"WebSite","@id":"https:\/\/www.depanneo.com\/guide\/#website","url":"https:\/\/www.depanneo.com\/guide\/","name":"Guide Depanneo","description":"Conseils D\u00e9pannage &amp; Astuces Travaux","publisher":{"@id":"https:\/\/www.depanneo.com\/guide\/#organization"},"potentialAction":[{"@type":"SearchAction","target":{"@type":"EntryPoint","urlTemplate":"https:\/\/www.depanneo.com\/guide\/?s={search_term_string}"},"query-input":{"@type":"PropertyValueSpecification","valueRequired":true,"valueName":"search_term_string"}}],"inLanguage":"fr-FR"},{"@type":"Organization","@id":"https:\/\/www.depanneo.com\/guide\/#organization","name":"Depanneo","url":"https:\/\/www.depanneo.com\/guide\/","logo":{"@type":"ImageObject","inLanguage":"fr-FR","@id":"https:\/\/www.depanneo.com\/guide\/#\/schema\/logo\/image\/","url":"https:\/\/www.depanneo.com\/guide\/wp-content\/uploads\/2021\/01\/logo-large-blue.png","contentUrl":"https:\/\/www.depanneo.com\/guide\/wp-content\/uploads\/2021\/01\/logo-large-blue.png","width":4696,"height":1910,"caption":"Depanneo"},"image":{"@id":"https:\/\/www.depanneo.com\/guide\/#\/schema\/logo\/image\/"}}]}},"_links":{"self":[{"href":"https:\/\/www.depanneo.com\/guide\/wp-json\/wp\/v2\/pages\/11","targetHints":{"allow":["GET"]}}],"collection":[{"href":"https:\/\/www.depanneo.com\/guide\/wp-json\/wp\/v2\/pages"}],"about":[{"href":"https:\/\/www.depanneo.com\/guide\/wp-json\/wp\/v2\/types\/page"}],"author":[{"embeddable":true,"href":"https:\/\/www.depanneo.com\/guide\/wp-json\/wp\/v2\/users\/1"}],"replies":[{"embeddable":true,"href":"https:\/\/www.depanneo.com\/guide\/wp-json\/wp\/v2\/comments?post=11"}],"version-history":[{"count":50,"href":"https:\/\/www.depanneo.com\/guide\/wp-json\/wp\/v2\/pages\/11\/revisions"}],"predecessor-version":[{"id":2423,"href":"https:\/\/www.depanneo.com\/guide\/wp-json\/wp\/v2\/pages\/11\/revisions\/2423"}],"wp:featuredmedia":[{"embeddable":true,"href":"https:\/\/www.depanneo.com\/guide\/wp-json\/wp\/v2\/media\/202"}],"wp:attachment":[{"href":"https:\/\/www.depanneo.com\/guide\/wp-json\/wp\/v2\/media?parent=11"}],"curies":[{"name":"wp","href":"https:\/\/api.w.org\/{rel}","templated":true}]}}